{"id":106,"date":"2025-08-17T19:15:15","date_gmt":"2025-08-17T17:15:15","guid":{"rendered":"https:\/\/craftcables.pl\/?page_id=106"},"modified":"2025-08-18T21:58:24","modified_gmt":"2025-08-18T19:58:24","slug":"sieci","status":"publish","type":"page","link":"https:\/\/craftcables.pl\/?page_id=106","title":{"rendered":"Sieci telekomunikacyjne"},"content":{"rendered":"\n<div class=\"alignnormal\"><div id=\"metaslider-id-107\" style=\"width: 100%; margin: 0 auto;\" class=\"ml-slider-3-109-0 metaslider metaslider-flex metaslider-107 ml-slider has-dots-nav ms-theme-default-base\" role=\"region\" aria-label=\"Fiber 1\" data-height=\"300\" data-width=\"700\">\n    <div id=\"metaslider_container_107\">\n        <div id=\"metaslider_107\">\n            <ul aria-live='off' class='slides'>\n                <li style=\"display: block; width: 100%;\" class=\"slide-109 ms-image \" aria-roledescription=\"slide\" data-date=\"2025-08-17 19:07:28\" data-filename=\"E9C8D646-2781-4979-B24C-3B38C65CCD69-1-scaled-700x300.jpeg\" data-slide-type=\"image\"><img loading=\"lazy\" decoding=\"async\" src=\"https:\/\/craftcables.pl\/wp-content\/uploads\/2025\/08\/E9C8D646-2781-4979-B24C-3B38C65CCD69-1-scaled-700x300.jpeg\" height=\"300\" width=\"700\" alt=\"\" class=\"slider-107 slide-109 msDefaultImage\" title=\"E9C8D646-2781-4979-B24C-3B38C65CCD69\" \/><\/li>\n                <li style=\"display: none; width: 100%;\" class=\"slide-108 ms-image \" aria-roledescription=\"slide\" data-date=\"2025-08-17 19:07:28\" data-filename=\"A732E41F-CDD2-4A09-81D8-8D128CB59088-scaled-700x300.jpeg\" data-slide-type=\"image\"><img loading=\"lazy\" decoding=\"async\" src=\"https:\/\/craftcables.pl\/wp-content\/uploads\/2025\/08\/A732E41F-CDD2-4A09-81D8-8D128CB59088-scaled-700x300.jpeg\" height=\"300\" width=\"700\" alt=\"\" class=\"slider-107 slide-108 msDefaultImage\" title=\"A732E41F-CDD2-4A09-81D8-8D128CB59088\" \/><\/li>\n                <li style=\"display: none; width: 100%;\" class=\"slide-113 ms-image \" aria-roledescription=\"slide\" data-date=\"2025-08-17 19:09:36\" data-filename=\"AED3203C-7897-4653-874E-B06EFF4F413F-700x300.jpeg\" data-slide-type=\"image\"><img loading=\"lazy\" decoding=\"async\" src=\"https:\/\/craftcables.pl\/wp-content\/uploads\/2025\/08\/AED3203C-7897-4653-874E-B06EFF4F413F-700x300.jpeg\" height=\"300\" width=\"700\" alt=\"\" class=\"slider-107 slide-113 msDefaultImage\" title=\"AED3203C-7897-4653-874E-B06EFF4F413F\" \/><\/li>\n                <li style=\"display: none; width: 100%;\" class=\"slide-114 ms-image \" aria-roledescription=\"slide\" data-date=\"2025-08-17 19:09:36\" data-filename=\"DB6F8B3E-E23C-4822-828C-EFE0553EA3B8-scaled-700x300.jpeg\" data-slide-type=\"image\"><img loading=\"lazy\" decoding=\"async\" src=\"https:\/\/craftcables.pl\/wp-content\/uploads\/2025\/08\/DB6F8B3E-E23C-4822-828C-EFE0553EA3B8-scaled-700x300.jpeg\" height=\"300\" width=\"700\" alt=\"\" class=\"slider-107 slide-114 msDefaultImage\" title=\"DB6F8B3E-E23C-4822-828C-EFE0553EA3B8\" \/><\/li>\n                <li style=\"display: none; width: 100%;\" class=\"slide-115 ms-image \" aria-roledescription=\"slide\" data-date=\"2025-08-17 19:09:36\" data-filename=\"A9E575C6-BEDF-4BA7-9EE7-2134482C4D12-scaled-700x300.jpeg\" data-slide-type=\"image\"><img loading=\"lazy\" decoding=\"async\" src=\"https:\/\/craftcables.pl\/wp-content\/uploads\/2025\/08\/A9E575C6-BEDF-4BA7-9EE7-2134482C4D12-scaled-700x300.jpeg\" height=\"300\" width=\"700\" alt=\"\" class=\"slider-107 slide-115 msDefaultImage\" title=\"A9E575C6-BEDF-4BA7-9EE7-2134482C4D12\" \/><\/li>\n            <\/ul>\n        <\/div>\n        \n    <\/div>\n<\/div><\/div>\n\n\n\n<div class=\"wp-block-group alignfull has-global-padding is-layout-constrained wp-container-core-group-is-layout-4e17e602 wp-block-group-is-layout-constrained\" style=\"padding-top:var(--wp--preset--spacing--superbspacing-medium);padding-right:var(--wp--preset--spacing--superbspacing-small);padding-bottom:var(--wp--preset--spacing--superbspacing-medium);padding-left:var(--wp--preset--spacing--superbspacing-small)\">\n<div class=\"wp-block-group is-layout-flow wp-container-core-group-is-layout-3fbca637 wp-block-group-is-layout-flow\">\n<p class=\"has-superbfont-small-font-size\">Specjalizujemy si\u0119 w kompleksowej budowie sieci \u015bwiat\u0142owodowych \u2013 od projektu, przez wykonawstwo, a\u017c po uruchomienie. Stosujemy nowoczesne rozwi\u0105zania i certyfikowane komponenty, co gwarantuje najwy\u017csz\u0105 jako\u015b\u0107. Nasze produkcje zdoby\u0142y zaufanie mniejszych oraz wi\u0119kszych podmiot\u00f3w na terenie Polski ale i nie tylko. <\/p>\n\n\n\n<p class=\"has-superbfont-small-font-size\">Pracujemy tylko i wy\u0142\u0105cznie na sprz\u0119cie najwy\u017cszej klasy. W przypadku spawarek \u015bwiat\u0142owodowych pracujemy m.in na Sumitomo i Fujikura.<br><br>Wed\u0142ug naszego do\u015bwiadczenia ka\u017cde po\u0142\u0105cznie niezale\u017cnie od sposobu wykonania nale\u017cy zmierzy\u0107. Do tego celu u\u017cywamy platformy pomiarowej EXFO, IDEAL INDUSTRIES, Fluke.<br><br>Na tle konkurencji wyr\u00f3\u017cnia nas pedantyczna dba\u0142o\u015b\u0107 o szczeg\u00f3\u0142y, oraz wysoka estetyka realizowanych prac co w p\u00f3\u017aniejszym etapie przek\u0142ada si\u0119 na niezawodno\u015b\u0107 oraz wygodn\u0105 eksploatacj\u0119 infrastruktury<br><br><\/p>\n\n\n\n<p class=\"has-superbfont-small-font-size\"><\/p>\n\n\n\n<p class=\"has-superbfont-small-font-size\"><\/p>\n<\/div>\n<\/div>\n","protected":false},"excerpt":{"rendered":"<p>Specjalizujemy si\u0119 w kompleksowej budowie sieci \u015bwiat\u0142owodowych \u2013 od projektu, przez wykonawstwo, a\u017c po uruchomienie. Stosujemy nowoczesne rozwi\u0105zania i certyfikowane komponenty, co gwarantuje najwy\u017csz\u0105 jako\u015b\u0107. Nasze produkcje zdoby\u0142y zaufanie mniejszych oraz wi\u0119kszych podmiot\u00f3w na terenie Polski ale i nie tylko. Pracujemy tylko i wy\u0142\u0105cznie na sprz\u0119cie najwy\u017cszej klasy. W przypadku spawarek \u015bwiat\u0142owodowych pracujemy m.in na [&hellip;]<\/p>\n","protected":false},"author":2,"featured_media":0,"parent":0,"menu_order":0,"comment_status":"closed","ping_status":"closed","template":"","meta":{"footnotes":""},"class_list":["post-106","page","type-page","status-publish","hentry"],"_links":{"self":[{"href":"https:\/\/craftcables.pl\/index.php?rest_route=\/wp\/v2\/pages\/106","targetHints":{"allow":["GET"]}}],"collection":[{"href":"https:\/\/craftcables.pl\/index.php?rest_route=\/wp\/v2\/pages"}],"about":[{"href":"https:\/\/craftcables.pl\/index.php?rest_route=\/wp\/v2\/types\/page"}],"author":[{"embeddable":true,"href":"https:\/\/craftcables.pl\/index.php?rest_route=\/wp\/v2\/users\/2"}],"replies":[{"embeddable":true,"href":"https:\/\/craftcables.pl\/index.php?rest_route=%2Fwp%2Fv2%2Fcomments&post=106"}],"version-history":[{"count":5,"href":"https:\/\/craftcables.pl\/index.php?rest_route=\/wp\/v2\/pages\/106\/revisions"}],"predecessor-version":[{"id":155,"href":"https:\/\/craftcables.pl\/index.php?rest_route=\/wp\/v2\/pages\/106\/revisions\/155"}],"wp:attachment":[{"href":"https:\/\/craftcables.pl\/index.php?rest_route=%2Fwp%2Fv2%2Fmedia&parent=106"}],"curies":[{"name":"wp","href":"https:\/\/api.w.org\/{rel}","templated":true}]}}