{"id":133,"date":"2025-08-17T19:57:09","date_gmt":"2025-08-17T17:57:09","guid":{"rendered":"https:\/\/craftcables.pl\/?page_id=133"},"modified":"2025-08-17T19:59:25","modified_gmt":"2025-08-17T17:59:25","slug":"pro-audio","status":"publish","type":"page","link":"https:\/\/craftcables.pl\/?page_id=133","title":{"rendered":"Pro Audio"},"content":{"rendered":"\n<div class=\"alignnormal\"><div id=\"metaslider-id-134\" style=\"width: 100%;\" class=\"ml-slider-3-109-0 metaslider metaslider-flex metaslider-134 ml-slider has-dots-nav ms-theme-default-base\" role=\"region\" aria-label=\"audio 1\" data-height=\"300\" data-width=\"700\">\n    <div id=\"metaslider_container_134\">\n        <div id=\"metaslider_134\">\n            <ul aria-live='off' class='slides'>\n                <li style=\"display: block; width: 100%;\" class=\"slide-135 ms-image \" aria-roledescription=\"slide\" data-date=\"2025-08-17 19:37:05\" data-filename=\"F0CE31B1-E5CF-4B1A-8761-03156CC63E5B-700x300.jpeg\" data-slide-type=\"image\"><img loading=\"lazy\" decoding=\"async\" src=\"https:\/\/craftcables.pl\/wp-content\/uploads\/2025\/08\/F0CE31B1-E5CF-4B1A-8761-03156CC63E5B-700x300.jpeg\" height=\"300\" width=\"700\" alt=\"\" class=\"slider-134 slide-135 msDefaultImage\" title=\"F0CE31B1-E5CF-4B1A-8761-03156CC63E5B\" \/><\/li>\n                <li style=\"display: none; width: 100%;\" class=\"slide-136 ms-image \" aria-roledescription=\"slide\" data-date=\"2025-08-17 19:37:05\" data-filename=\"0FF3E366-8F22-41F9-AB04-1C3DED00243A-1-700x300.jpeg\" data-slide-type=\"image\"><img loading=\"lazy\" decoding=\"async\" src=\"https:\/\/craftcables.pl\/wp-content\/uploads\/2025\/08\/0FF3E366-8F22-41F9-AB04-1C3DED00243A-1-700x300.jpeg\" height=\"300\" width=\"700\" alt=\"\" class=\"slider-134 slide-136 msDefaultImage\" title=\"0FF3E366-8F22-41F9-AB04-1C3DED00243A\" \/><\/li>\n                <li style=\"display: none; width: 100%;\" class=\"slide-137 ms-image \" aria-roledescription=\"slide\" data-date=\"2025-08-17 19:37:05\" data-filename=\"73C89A83-15BC-4F54-954B-853E36503ADA-scaled-700x300.jpeg\" data-slide-type=\"image\"><img loading=\"lazy\" decoding=\"async\" src=\"https:\/\/craftcables.pl\/wp-content\/uploads\/2025\/08\/73C89A83-15BC-4F54-954B-853E36503ADA-scaled-700x300.jpeg\" height=\"300\" width=\"700\" alt=\"\" class=\"slider-134 slide-137 msDefaultImage\" title=\"73C89A83-15BC-4F54-954B-853E36503ADA\" \/><\/li>\n                <li style=\"display: none; width: 100%;\" class=\"slide-138 ms-image \" aria-roledescription=\"slide\" data-date=\"2025-08-17 19:37:05\" data-filename=\"380CAE61-E430-46AE-9F4E-76FBEFC73A06-700x300.jpeg\" data-slide-type=\"image\"><img loading=\"lazy\" decoding=\"async\" src=\"https:\/\/craftcables.pl\/wp-content\/uploads\/2025\/08\/380CAE61-E430-46AE-9F4E-76FBEFC73A06-700x300.jpeg\" height=\"300\" width=\"700\" alt=\"\" class=\"slider-134 slide-138 msDefaultImage\" title=\"380CAE61-E430-46AE-9F4E-76FBEFC73A06\" \/><\/li>\n            <\/ul>\n        <\/div>\n        \n    <\/div>\n<\/div><\/div>\n\n\n\n<p>Okablowanie<\/p>\n\n\n\n<p>Powszechnie wiadomo, \u017ce sprz\u0119t najwy\u017cej klasy \u015bwiatowych producent\u00f3w b\u0119dzie niezawodny tak jak jego najs\u0142absze ogniwo. Czy w takim przypadku ma sens pod\u0142\u0105czanie urz\u0105dze\u0144 przewodami w\u0105tpliwej jako\u015bci? <br>My na to pytanie uzyskali\u015bmy odpowied\u017a ju\u017c dawno temu. Brzmi ona: stanowcze NIE!<\/p>\n\n\n\n<p>Przez nasze do\u015bwiadczenie polegaj\u0105ce w pracy na estradzie praktycznie na ka\u017cdym szczeblu \u0142a\u0144cucha od technika sceny przez realizatora d\u017awi\u0119ku ko\u0144cz\u0105c na in\u017cynierze systemu audio, jeste\u015bmy w stanie przewidzie\u0107 wymagania naszych produkt\u00f3w oraz sprosta\u0107 ich wyzwaniom w codziennej pracy.<br>Nasze rozwi\u0105zania nie tylko oszcz\u0119dzaj\u0105 czas, kt\u00f3rego zwykle brakuje podczas realizacji event\u00f3w, koncert\u00f3w i innych wydarze\u0144, jak i r\u00f3wnie\u017c poprawiaj\u0105 ich niezawodno\u015b\u0107.<br><br>Oferujemy wykonywanie rozszycie patchpaneli zgodnie z zapotrzebowaniem klienta, produkcj\u0119 przewod\u00f3w typu 400V\/ 230V, XLR, DMX, TRS itp. na wymiar, wraz umieszczeniem logo klienta, obszywanie szaf rack w instalacjach sta\u0142ych.<br><br>Pracujemy tylko na komponentach najwy\u017cszej jako\u015bci takich jak: Neutrik, Amphenol, Switchcraft, Klotz, Belden, Bitner, <\/p>\n","protected":false},"excerpt":{"rendered":"<p>Okablowanie Powszechnie wiadomo, \u017ce sprz\u0119t najwy\u017cej klasy \u015bwiatowych producent\u00f3w b\u0119dzie niezawodny tak jak jego najs\u0142absze ogniwo. Czy w takim przypadku ma sens pod\u0142\u0105czanie urz\u0105dze\u0144 przewodami w\u0105tpliwej jako\u015bci? My na to pytanie uzyskali\u015bmy odpowied\u017a ju\u017c dawno temu. Brzmi ona: stanowcze NIE! Przez nasze do\u015bwiadczenie polegaj\u0105ce w pracy na estradzie praktycznie na ka\u017cdym szczeblu \u0142a\u0144cucha od technika [&hellip;]<\/p>\n","protected":false},"author":2,"featured_media":0,"parent":0,"menu_order":0,"comment_status":"closed","ping_status":"closed","template":"","meta":{"footnotes":""},"class_list":["post-133","page","type-page","status-publish","hentry"],"_links":{"self":[{"href":"https:\/\/craftcables.pl\/index.php?rest_route=\/wp\/v2\/pages\/133","targetHints":{"allow":["GET"]}}],"collection":[{"href":"https:\/\/craftcables.pl\/index.php?rest_route=\/wp\/v2\/pages"}],"about":[{"href":"https:\/\/craftcables.pl\/index.php?rest_route=\/wp\/v2\/types\/page"}],"author":[{"embeddable":true,"href":"https:\/\/craftcables.pl\/index.php?rest_route=\/wp\/v2\/users\/2"}],"replies":[{"embeddable":true,"href":"https:\/\/craftcables.pl\/index.php?rest_route=%2Fwp%2Fv2%2Fcomments&post=133"}],"version-history":[{"count":4,"href":"https:\/\/craftcables.pl\/index.php?rest_route=\/wp\/v2\/pages\/133\/revisions"}],"predecessor-version":[{"id":157,"href":"https:\/\/craftcables.pl\/index.php?rest_route=\/wp\/v2\/pages\/133\/revisions\/157"}],"wp:attachment":[{"href":"https:\/\/craftcables.pl\/index.php?rest_route=%2Fwp%2Fv2%2Fmedia&parent=133"}],"curies":[{"name":"wp","href":"https:\/\/api.w.org\/{rel}","templated":true}]}}